{"id":4594,"date":"2024-03-19T08:37:56","date_gmt":"2024-03-19T08:37:56","guid":{"rendered":"https:\/\/web-spl.x-tra.it\/?page_id=4594"},"modified":"2024-04-24T12:21:30","modified_gmt":"2024-04-24T12:21:30","slug":"privacy-policy","status":"publish","type":"page","link":"https:\/\/spallasrl.com\/it\/privacy-policy\/","title":{"rendered":"Privacy Policy"},"content":{"rendered":"<div class=\"wpb-content-wrapper\"><p>[vc_row el_class=&#8221;policy-txt&#8221;][vc_column][vc_column_text]<\/p>\n<h1 style=\"text-align: center;\">PRIVACY POLICY<\/h1>\n<p>[\/vc_column_text][vc_column_text]Spalla srl, in qualit\u00e0 di Titolare della omonima ditta, avente sede legale in Circ. Ovest CO.IN.OR L 14BB 15048 VALENZA (AL) , \u00e8 il Titolare del trattamento dei dati personali raccolti su questo sito ai sensi e per gli effetti del Regolamento UE 679\/2016 (di seguito GDPR):<\/p>\n<p>&nbsp;<\/p>\n<ol>\n<li><strong> Dati personali di navigazione<\/strong><\/li>\n<\/ol>\n<p>Spalla srl si impegna a tutelare i dati personali e chiede di dedicare pochi minuti alla lettura di come raccogliamo, usiamo, divulghiamo e trasferiamo i dati personali che ci vengono forniti attraverso il nostro sito internet www.spallasrl.com o interagendo attraverso i dati trasmessi a Spalla srl da societ\u00e0 terze che erogano i servizi tecnologici e\/o informatici, logistici e commerciali.<\/p>\n<p>Inoltre, la presente informativa spiega come raccogliamo i dati attraverso l\u2019uso dei cookie e le relative tecnologie utilizzando le nostre Piattaforme.<\/p>\n<ul>\n<li><strong><strong>Dati personali trattati per finalit\u00e0 contrattuale, obblighi di legge, diritti del Titolare<\/strong><\/strong>\n<ul>\n<li>Dati anagrafici, dati di contatto.<\/li>\n<\/ul>\n<\/li>\n<li><strong><strong>Dati personali trattati per finalit\u00e0 di marketing generico del Titolare<\/strong><\/strong>\n<ul>\n<li>Dati anagrafici, dati di contatto.<\/li>\n<\/ul>\n<\/li>\n<li><strong><strong>Dati personali trattati per finalit\u00e0 di marketing e profilazione<\/strong><\/strong>\n<ul>\n<li>Dati anagrafici, dati di contatto, dati raccolti dai cookie installati dai Siti.<\/li>\n<\/ul>\n<\/li>\n<li><strong><strong>Dati personali trattati per invio Newsletter<\/strong><\/strong>\n<ul>\n<li>Dati di contatto.<\/li>\n<\/ul>\n<\/li>\n<li><strong><strong>Dati personali trattati per il funzionamento dei siti<\/strong><\/strong>\n<ul>\n<li>Gli indirizzi IP o i nomi a dominio dei computer utilizzati dagli utenti che si connettono ai Siti, gli indirizzi in notazione URI (Uniform Resource Identifier) delle risorse richieste, l\u2019orario della richiesta, il metodo utilizzato nel sottoporre la richiesta al server, la dimensione del file ottenuto in risposta, il codice numerico indicante lo stato della risposta data dal server (buon fine, errore, ecc.), altri parametri relativi al sistema operativo e all\u2019ambiente informatico dell\u2019utente, sono tutte incluse nelle informazioni relative al comportamento dell\u2019utente sui Siti, alle pagine che sono state visitate o cercate, al fine di selezionare e rendere specifici annunci all\u2019utente dei Siti ed i dati relativi al comportamento di navigazione tenuto sui Siti, ad esempio, utilizzando i cookie.Per Spalla srl\u202f\u00e8 fondamentale garantire la tutela della sicurezza e la privacy dei bambini. Non \u00e8 nel nostro interesse raccogliere e utilizzare consapevolmente dati personali di chiunque abbia un\u2019et\u00e0 inferiore a sedici (16) anni o a qualsiasi limite di et\u00e0 stabilito dalla legislazione del proprio Paese di residenza.Con la registrazione sul Sito, si conferma di aver raggiunto la maggiore et\u00e0 nel proprio Paese di residenza.<\/li>\n<\/ul>\n<\/li>\n<\/ul>\n<p>&nbsp;<\/p>\n<ol start=\"2\">\n<li><strong> Finalit\u00e0 e basi giuridiche per il trattamento<\/strong><\/li>\n<\/ol>\n<p>I dati e i cookies ricevuti saranno trattati da Spalla srl esclusivamente con modalit\u00e0 e procedure necessarie per fornire i servizi richiesti e per le finalit\u00e0 ulteriori per le quali \u00e8 stato espresso il consenso.<br \/>\n\u2013 Finalit\u00e0 di marketing generico del Titolare: a titolo esemplificativo invio \u2013 con modalit\u00e0 automatizzate di contatto (e-mail) \u2013 di comunicazioni promozionali e commerciali relative a servizi\/prodotti analoghi a quelli gi\u00e0 usufruiti offerti dal Titolare a titolo esemplificativo e non esaustivo segnalazione di eventi aziendali o di webinar o di whitepaper o iscrizione a newsletter.<br \/>\n\u2013 Finalit\u00e0 di marketing di terzi (con comunicazione dei dati) che appartengono al settore dei servizi (in particolare ICT e digitali) e della consulenza, manifatturiero, del commercio, della Pubblica Amministrazione: invio \u2013 con modalit\u00e0 automatizzate di contatto (come sms, mms e-mail) e tradizionali (come telefonate con operatore) \u2013 di comunicazioni promozionali e commerciali, materiale pubblicitario relativi a offerte di servizi\/prodotti, segnalazione di eventi aziendali, nonch\u00e9 realizzazione di studi di mercato e analisi statistiche da parte di soggetti terzi specificati sopra, rispetto al Titolare, a cui vengono comunicati i dati.<br \/>\n\u2013 Finalit\u00e0 di marketing da parte del Titolare in favore di soggetti terzi (senza comunicazione dei dati) che appartengono al settore dei servizi (in particolare ICT e digitali) e della consulenza, manifatturiero, del commercio, della Pubblica Amministrazione: invio \u2013 con modalit\u00e0 automatizzate di contatto (come sms, mms e-mail) e tradizionali (come telefonate con operatore) \u2013 di comunicazioni promozionali e commerciali, materiale pubblicitario relativi a offerte di servizi\/prodotti, segnalazione di eventi aziendali, nonch\u00e9 realizzazione di studi di mercato e analisi statistiche da parte del Titolare per conto di soggetti terzi.<br \/>\n\u2013 Finalit\u00e0 di profilazione: analisi delle preferenze, abitudini, comportamenti, interessi desunti, ad esempio, dai click online su articoli\/sezioni dei siti web di Spalla srl, al fine di inviare comunicazioni commerciali personalizzate\/ effettuare azioni promozionali mirate, business intelligence.<\/p>\n<p>Il trattamento dei dati personali per finalit\u00e0 di profilazione avverr\u00e0, in caso di consenso, con strumenti di elaborazione dati che, a seguito di incrocio, creeranno un profilo personale commerciale e comportamentale nel web. Tale strumento di elaborazione dati mette in relazione i dati raccolti nel corso della navigazione sui Siti attraverso l\u2019utilizzo di cookie di profilazione di prima parte accettati personalmente con i dati raccolti attraverso l\u2019iscrizione a Spalla srl tramite gli appositi form. Inoltre, tali dati e\/o informazioni, verranno associati agli eventuali e\/o ulteriori dati e\/o informazioni gi\u00e0 in nostro possesso a seguito dell\u2019 adesione ai nostri servizi.<br \/>\n\u2013 Obblighi di legge: adempiere ad obblighi previsti da regolamenti e dalla normativa nazionale e internazionale applicabile.<br \/>\n\u2013 Invio di Newsletter: se esplicitamente richiesto con registrazione a tale servizio.<br \/>\n\u2013 Diritti delTitolare: se necessario, per accertare, esercitare o difendere i diritti del Titolare in sede giudiziaria.<br \/>\n\u2013 Funzionamento dei Siti: i sistemi informatici e le procedure software preposte al funzionamento dei Siti acquisiscono, nel corso del loro normale esercizio, alcuni dati personali la cui trasmissione \u00e8 implicita nell\u2019uso dei protocolli di comunicazione di Internet. Si tratta di informazioni che non sono raccolte per essere associate a interessati identificati, ma che, per loro stessa natura, potrebbero, attraverso elaborazioni ed associazioni con dati detenuti dal Titolare o da terzi, permettere di identificare gli utenti dei Siti.<\/p>\n<p>&nbsp;<\/p>\n<ol start=\"3\">\n<li><strong> Diffusione, comunicazione e soggetti che accedono ai dati<\/strong><\/li>\n<\/ol>\n<p>I dati possono essere trattati da soggetti esterni operanti in qualit\u00e0 di titolari quali, a titolo esemplificativo, Autorit\u00e0 ed organi di vigilanza e controllo ed, in generale, soggetti, anche privati, legittimati a richiedere i dati, Pubbliche Autorit\u00e0 che ne facciano espressa richiesta al Titolare per finalit\u00e0 amministrative o istituzionali, secondo quanto disposto dalla normativa vigente, nazionale ed europea, nonch\u00e9 persone, societ\u00e0, associazioni o studi professionali che prestino attivit\u00e0 di assistenza e consulenza.<br \/>\nI dati possono altres\u00ec essere trattati, per conto del Titolare, da soggetti esterni designati come Responsabili del trattamento ai sensi dell\u2019art. 28 del GDPR, a cui sono impartite adeguate istruzioni operative. Tali soggetti sono essenzialmente ricompresi nelle seguenti categorie:<\/p>\n<p>&nbsp;<\/p>\n<p>\u2013 societ\u00e0 che offrono servizi di manutenzione dei siti web e dei sistemi informativi;<br \/>\n\u2013 societ\u00e0 che offrono supporto nella realizzazione di studi di mercato;<br \/>\n\u2013 societ\u00e0 che svolgono servizi di gestione e manutenzione del database del Titolare;<br \/>\n\u2013 societ\u00e0 che offrono servizi di invio e-mail;<br \/>\n\u2013 societ\u00e0 che offre servizi di gestione della piattaforma di marketing automation;<br \/>\n\u2013 societ\u00e0 che svolgono servizi di supporto organizzativo e di accoglienza agli eventi.<\/p>\n<p>I dati personali possono essere trattati, in caso di rilascio sotto esplicito consenso, da soggetti terzi a cui vengono comunicati i dati.<br \/>\nI dati personali non saranno diffusi.<\/p>\n<p>&nbsp;<\/p>\n<ol start=\"4\">\n<li><strong> Trasferimento i dati all\u2019estero<\/strong><\/li>\n<\/ol>\n<p>I dati potranno essere trasferiti all\u2019estero in paesi extra-europei, e in particolare negli Stati Uniti, solo previa verifica delle clausole contrattuali tipo (Standard Contractual Clauses) adottate\/approvate dalla Commissione Europea ai sensi dell\u2019art. 46, par. 2, lett. c) e d) del GDPR o delle norme vincolanti per l\u2019impresa di cui all\u2019art. 47 del GDPR o, in assenza, in forza di una delle misure derogatorie di cui all\u2019art. 49 del GDPR.<br \/>\nUna copia delle garanzie di cui all\u2019art. 46, par. 2, lett. c) e d) del GDPR, adottate dal Titolare pu\u00f2 essere ottenuta scrivendo una e-mail al seguente indirizzo info@spallasrl.com.<\/p>\n<p>&nbsp;<\/p>\n<ol start=\"5\">\n<li><strong> Durata del trattamento e conservazione dei dati personali<\/strong><\/li>\n<\/ol>\n<p>Secondo quanto stabilito nell\u2019Art. 5.1 e) del GDPR, Spalla srl tratter\u00e0 i dati conferiti per il periodo necessario al perseguimento delle finalit\u00e0 per le quali sono stati raccolti. Generalmente, conserviamo i dati personali per un anno dalla fine del nostro rapporto o dall\u2019ultimo contatto, salvo diversa prescrizione della legislazione locale. In alcuni casi potr\u00e0 essere necessario per noi conservare i dati personali per un periodo pi\u00f9 lungo, ad esempio qualora ci venga richiesto per motivazioni legali, fiscali e finanziarie:<br \/>\n\u2013 Finalit\u00e0 contrattuale, Obblighi di legge e Invio di Newsletter: per tutta la durata contrattuale e, dopo la cessazione, per 10 anni.<br \/>\n\u2013 Finalit\u00e0 di marketing generico del Titolare: fino all\u2019esercizio del diritto di opposizione esercitabile tramite apposito pulsante di unsubscribe (\u201cClicca qui\u201d) o contattando direttamente il Titolare.<br \/>\n\u2013 Finalit\u00e0 di marketing e profilazione: sino alla revoca del consenso per tale finalit\u00e0.<br \/>\n\u2013 Diritti del Titolare: nel caso di contenzioso giudiziale, per tutta la durata dello stesso, fino all\u2019esaurimento dei termini di esperibilit\u00e0 delle azioni di impugnazione.<br \/>\n\u2013 Funzionamento dei Siti: per tutta la durata della sessione di navigazione sui Siti.<br \/>\n\u2013 Decorsi i termini di conservazione sopra indicati, i dati personali saranno distrutti, cancellati o resi anonimi, compatibilmente con le procedure tecniche di cancellazione e backup.<\/p>\n<p>&nbsp;<\/p>\n<ol start=\"6\">\n<li><strong> Sicurezza<\/strong><\/li>\n<\/ol>\n<p>In Spalla srl i dati personali vengono trattati con strumenti automatizzati per il tempo strettamente necessario a conseguire gli scopi per cui sono stati raccolti e nel rispetto del principio di necessit\u00e0 e proporzionalit\u00e0, evitando di trattare dati personali qualora le operazioni possano essere realizzate mediante l\u2019uso di dati anonimi o mediante altre modalit\u00e0.<br \/>\nAbbiamo adottato specifiche misure di sicurezza per prevenire la perdita dei dati personali, usi illeciti o non corretti ed accessi non autorizzati, ma \u00e8 essenziale, per la sicurezza dei dati personali, che il dispositivo sia dotato di strumenti quali antivirus costantemente aggiornati e che il provider, che fornisce la connessione ad Internet, garantisca la trasmissione sicura dei dati attraverso firewalls, filtri antispamming e analoghi presidi.<\/p>\n<p>&nbsp;<\/p>\n<ol start=\"7\">\n<li><strong> Diritti dell\u2019interessato<\/strong><\/li>\n<\/ol>\n<p>Contattando il Titolare via e-mail all\u2019indirizzo info@spallasrl.com, \u00e8 possibile chiedere l\u2019accesso ai dati che ti riguardano, la loro cancellazione, la rettifica dei dati inesatti, l\u2019integrazione dei dati incompleti, la limitazione del trattamento nei sensi previsti dall\u2019art. 18 GDPR.<br \/>\nInoltre, nel caso in cui il trattamento sia basato sul consenso o sul contratto e sia effettuato con strumenti automatizzati si potr\u00e0 richiedere la portabilit\u00e0 dei dati e di riceverli in un formato strutturato, di uso comune e leggibile da dispositivo automatico, nonch\u00e9, se tecnicamente fattibile, di trasmetterli ad altro titolare senza impedimenti.<br \/>\nSi ha il diritto di revocare il consenso prestato in qualsiasi momento per finalit\u00e0 di marketing e\/o di profilazione, nonch\u00e9 di proporre l\u2019opposizione al trattamento, per motivi connessi alla propria situazione particolare, dei dati nelle ipotesi di esercizio di un pubblico interesse o di legittimo interesse del Titolare nonch\u00e9 per finalit\u00e0 di marketing, compresa la profilazione connessa al marketing diretto. Resta ferma la possibilit\u00e0 di essere contattati per la suddetta finalit\u00e0 esclusivamente tramite modalit\u00e0 tradizionali, di manifestare la propria opposizione solo alla ricezione di comunicazioni attraverso modalit\u00e0 automatizzate. Il Titolare si astiene dal trattamento, salvo che per motivi legittimi che prevalgono su interessi, diritti e libert\u00e0 dell\u2019interessato, oppure per accertamento, esercizio o difesa di un diritto in sede giudiziaria.<br \/>\nSi ha il diritto di proporre reclamo all\u2019Autorit\u00e0 di controllo competente nello Stato membro in cui si risiede abitualmente o lavora o dello Stato in cui si \u00e8 verificata la presunta violazione.<\/p>\n<p>&nbsp;<\/p>\n<ol start=\"8\">\n<li><strong> Responsabile della protezione dei dati<\/strong><\/li>\n<\/ol>\n<p>I dati potranno essere trattati dai dipendenti delle funzioni aziendali del Titolare deputato al perseguimento delle finalit\u00e0 sopra indicate, che sono stati espressamente autorizzati al trattamento e che hanno ricevuto adeguate istruzioni operative.<br \/>\nI dati personali trattati per il funzionamento dei siti, raccolti durante la navigazione sugli stessi saranno trattati da dipendenti, collaboratori del Titolare o soggetti esterni, in qualit\u00e0 di incaricati e responsabili del trattamento, debitamente istruiti dal Titolare, che svolgono per conto del Titolare compiti di natura tecnica ed organizzativa dei Siti.[\/vc_column_text][\/vc_column][\/vc_row]<\/p>\n<\/div>","protected":false},"excerpt":{"rendered":"<p>[vc_row el_class=&#8221;policy-txt&#8221;][vc_column][vc_column_text] PRIVACY POLICY [\/vc_column_text][vc_column_text]Spalla srl, in qualit\u00e0 di Titolare della omonima ditta, avente sede legale in Circ. Ovest CO.IN.OR L 14BB 15048 VALENZA (AL) , \u00e8 il Titolare del trattamento dei dati personali raccolti su questo sito ai sensi [&hellip;]<\/p>\n","protected":false},"author":1,"featured_media":0,"parent":0,"menu_order":0,"comment_status":"closed","ping_status":"closed","template":"full-width.php","meta":{"footnotes":""},"class_list":["post-4594","page","type-page","status-publish","hentry"],"yoast_head":"<!-- This site is optimized with the Yoast SEO plugin v22.7 - https:\/\/yoast.com\/wordpress\/plugins\/seo\/ -->\n<title>Spalla Srl<\/title>\n<meta name=\"robots\" content=\"index, follow, max-snippet:-1, max-image-preview:large, max-video-preview:-1\" \/>\n<link rel=\"canonical\" href=\"https:\/\/spallasrl.com\/it\/wp-json\/wp\/v2\/pages\/4594\" \/>\n<meta property=\"og:locale\" content=\"it_IT\" \/>\n<meta property=\"og:type\" content=\"article\" \/>\n<meta property=\"og:url\" content=\"https:\/\/spallasrl.com\/it\/wp-json\/wp\/v2\/pages\/4594\" \/>\n<meta property=\"og:site_name\" content=\"Spalla Srl\" \/>\n<meta property=\"article:modified_time\" content=\"2024-04-24T12:21:30+00:00\" \/>\n<meta property=\"og:image\" content=\"https:\/\/spallasrl.com\/wp-content\/uploads\/2024\/02\/Spalla-logo.png\" \/>\n\t<meta property=\"og:image:width\" content=\"874\" \/>\n\t<meta property=\"og:image:height\" content=\"261\" \/>\n\t<meta property=\"og:image:type\" content=\"image\/png\" \/>\n<meta name=\"twitter:card\" content=\"summary_large_image\" \/>\n<meta name=\"twitter:description\" content=\"[vc_row el_class=&#8221;policy-txt&#8221;][vc_column][vc_column_text] PRIVACY POLICY [\/vc_column_text][vc_column_text]Spalla srl, in qualit\u00e0 di Titolare della omonima ditta, avente sede legale in Circ. Ovest CO.IN.OR L 14BB 15048 VALENZA (AL) , \u00e8 il Titolare del trattamento dei dati personali raccolti su questo sito ai sensi [&hellip;]\" \/>\n<meta name=\"twitter:label1\" content=\"Tempo di lettura stimato\" \/>\n\t<meta name=\"twitter:data1\" content=\"20 minuti\" \/>\n<script type=\"application\/ld+json\" class=\"yoast-schema-graph\">{\"@context\":\"https:\/\/schema.org\",\"@graph\":[{\"@type\":\"WebPage\",\"@id\":\"https:\/\/spallasrl.com\/en\/privacy-policy\/\",\"url\":\"https:\/\/spallasrl.com\/it\/wp-json\/wp\/v2\/pages\/4594\",\"name\":\"\",\"isPartOf\":{\"@id\":\"https:\/\/spallasrl.com\/it\/#website\"},\"datePublished\":\"2024-03-19T08:37:56+00:00\",\"dateModified\":\"2024-04-24T12:21:30+00:00\",\"breadcrumb\":{\"@id\":\"https:\/\/spallasrl.com\/it\/wp-json\/wp\/v2\/pages\/4594#breadcrumb\"},\"inLanguage\":\"it-IT\",\"potentialAction\":[{\"@type\":\"ReadAction\",\"target\":[\"https:\/\/spallasrl.com\/it\/wp-json\/wp\/v2\/pages\/4594\"]}]},{\"@type\":\"BreadcrumbList\",\"@id\":\"https:\/\/spallasrl.com\/it\/wp-json\/wp\/v2\/pages\/4594#breadcrumb\",\"itemListElement\":[{\"@type\":\"ListItem\",\"position\":1,\"name\":\"Home\",\"item\":\"https:\/\/spallasrl.com\/\"},{\"@type\":\"ListItem\",\"position\":2,\"name\":\"Privacy Policy\"}]},{\"@type\":\"WebSite\",\"@id\":\"https:\/\/spallasrl.com\/it\/#website\",\"url\":\"https:\/\/spallasrl.com\/it\/\",\"name\":\"Spalla Srl\",\"description\":\"\",\"publisher\":{\"@id\":\"https:\/\/spallasrl.com\/it\/#organization\"},\"potentialAction\":[{\"@type\":\"SearchAction\",\"target\":{\"@type\":\"EntryPoint\",\"urlTemplate\":\"https:\/\/spallasrl.com\/it\/?s={search_term_string}\"},\"query-input\":\"required name=search_term_string\"}],\"inLanguage\":\"it-IT\"},{\"@type\":\"Organization\",\"@id\":\"https:\/\/spallasrl.com\/it\/#organization\",\"name\":\"Spalla Srl\",\"url\":\"https:\/\/spallasrl.com\/it\/\",\"logo\":{\"@type\":\"ImageObject\",\"inLanguage\":\"it-IT\",\"@id\":\"https:\/\/spallasrl.com\/it\/#\/schema\/logo\/image\/\",\"url\":\"https:\/\/spallasrl.com\/wp-content\/uploads\/2024\/02\/Spalla-logo.png\",\"contentUrl\":\"https:\/\/spallasrl.com\/wp-content\/uploads\/2024\/02\/Spalla-logo.png\",\"width\":874,\"height\":261,\"caption\":\"Spalla Srl\"},\"image\":{\"@id\":\"https:\/\/spallasrl.com\/it\/#\/schema\/logo\/image\/\"}}]}<\/script>\n<!-- \/ Yoast SEO plugin. -->","yoast_head_json":{"title":"Spalla Srl","robots":{"index":"index","follow":"follow","max-snippet":"max-snippet:-1","max-image-preview":"max-image-preview:large","max-video-preview":"max-video-preview:-1"},"canonical":"https:\/\/spallasrl.com\/it\/wp-json\/wp\/v2\/pages\/4594","og_locale":"it_IT","og_type":"article","og_url":"https:\/\/spallasrl.com\/it\/wp-json\/wp\/v2\/pages\/4594","og_site_name":"Spalla Srl","article_modified_time":"2024-04-24T12:21:30+00:00","og_image":[{"width":874,"height":261,"url":"https:\/\/spallasrl.com\/wp-content\/uploads\/2024\/02\/Spalla-logo.png","type":"image\/png"}],"twitter_card":"summary_large_image","twitter_description":"[vc_row el_class=&#8221;policy-txt&#8221;][vc_column][vc_column_text] PRIVACY POLICY [\/vc_column_text][vc_column_text]Spalla srl, in qualit\u00e0 di Titolare della omonima ditta, avente sede legale in Circ. Ovest CO.IN.OR L 14BB 15048 VALENZA (AL) , \u00e8 il Titolare del trattamento dei dati personali raccolti su questo sito ai sensi [&hellip;]","twitter_misc":{"Tempo di lettura stimato":"20 minuti"},"schema":{"@context":"https:\/\/schema.org","@graph":[{"@type":"WebPage","@id":"https:\/\/spallasrl.com\/en\/privacy-policy\/","url":"https:\/\/spallasrl.com\/it\/wp-json\/wp\/v2\/pages\/4594","name":"","isPartOf":{"@id":"https:\/\/spallasrl.com\/it\/#website"},"datePublished":"2024-03-19T08:37:56+00:00","dateModified":"2024-04-24T12:21:30+00:00","breadcrumb":{"@id":"https:\/\/spallasrl.com\/it\/wp-json\/wp\/v2\/pages\/4594#breadcrumb"},"inLanguage":"it-IT","potentialAction":[{"@type":"ReadAction","target":["https:\/\/spallasrl.com\/it\/wp-json\/wp\/v2\/pages\/4594"]}]},{"@type":"BreadcrumbList","@id":"https:\/\/spallasrl.com\/it\/wp-json\/wp\/v2\/pages\/4594#breadcrumb","itemListElement":[{"@type":"ListItem","position":1,"name":"Home","item":"https:\/\/spallasrl.com\/"},{"@type":"ListItem","position":2,"name":"Privacy Policy"}]},{"@type":"WebSite","@id":"https:\/\/spallasrl.com\/it\/#website","url":"https:\/\/spallasrl.com\/it\/","name":"Spalla Srl","description":"","publisher":{"@id":"https:\/\/spallasrl.com\/it\/#organization"},"potentialAction":[{"@type":"SearchAction","target":{"@type":"EntryPoint","urlTemplate":"https:\/\/spallasrl.com\/it\/?s={search_term_string}"},"query-input":"required name=search_term_string"}],"inLanguage":"it-IT"},{"@type":"Organization","@id":"https:\/\/spallasrl.com\/it\/#organization","name":"Spalla Srl","url":"https:\/\/spallasrl.com\/it\/","logo":{"@type":"ImageObject","inLanguage":"it-IT","@id":"https:\/\/spallasrl.com\/it\/#\/schema\/logo\/image\/","url":"https:\/\/spallasrl.com\/wp-content\/uploads\/2024\/02\/Spalla-logo.png","contentUrl":"https:\/\/spallasrl.com\/wp-content\/uploads\/2024\/02\/Spalla-logo.png","width":874,"height":261,"caption":"Spalla Srl"},"image":{"@id":"https:\/\/spallasrl.com\/it\/#\/schema\/logo\/image\/"}}]}},"jetpack_sharing_enabled":true,"_links":{"self":[{"href":"https:\/\/spallasrl.com\/it\/wp-json\/wp\/v2\/pages\/4594","targetHints":{"allow":["GET"]}}],"collection":[{"href":"https:\/\/spallasrl.com\/it\/wp-json\/wp\/v2\/pages"}],"about":[{"href":"https:\/\/spallasrl.com\/it\/wp-json\/wp\/v2\/types\/page"}],"author":[{"embeddable":true,"href":"https:\/\/spallasrl.com\/it\/wp-json\/wp\/v2\/users\/1"}],"replies":[{"embeddable":true,"href":"https:\/\/spallasrl.com\/it\/wp-json\/wp\/v2\/comments?post=4594"}],"version-history":[{"count":6,"href":"https:\/\/spallasrl.com\/it\/wp-json\/wp\/v2\/pages\/4594\/revisions"}],"predecessor-version":[{"id":4637,"href":"https:\/\/spallasrl.com\/it\/wp-json\/wp\/v2\/pages\/4594\/revisions\/4637"}],"wp:attachment":[{"href":"https:\/\/spallasrl.com\/it\/wp-json\/wp\/v2\/media?parent=4594"}],"curies":[{"name":"wp","href":"https:\/\/api.w.org\/{rel}","templated":true}]}}